{"id":66,"date":"2024-10-06T01:10:55","date_gmt":"2024-10-06T01:10:55","guid":{"rendered":"https:\/\/austriaweed.at\/?page_id=66"},"modified":"2024-10-06T01:10:55","modified_gmt":"2024-10-06T01:10:55","slug":"metatags1","status":"publish","type":"page","link":"https:\/\/austriaweed.at\/index.php\/metatags1\/","title":{"rendered":"metatags1"},"content":{"rendered":"<p>cannabis kaufen, Marihuana kaufen, Haschisch kaufen, CBD \u00d6l, medizinisches Cannabis, Cannabis Shop, Cannabis online, Hanfprodukte, legale Drogen, THC, CBD Produkte, Gras bestellen, Cannabis Versand, Marihuana Shop, CBD Bl\u00fcten, Hanf\u00f6l kaufen, Cannabis Bl\u00fcten, legales Cannabis, Cannabis Apotheke, medizinisches Marihuana, Gras Lieferdienst, Hanf Tee, Vaporizer kaufen, Cannabis in Wien, CBD Kristalle, Hash kaufen, Cannabis Informationen, Cannabis Rezepte, Cannabis Medizin, Cannabis Produkte, Sativa, Indica, Hybrid, Terpene, Hanfsamen, Cannabis Pflanzen, Selbstanbau, CBD Lebensmittel, Hanfkosmetik, Cannabis Wirkung, Hanf Nahrungsmittel, Hanf Tee kaufen, Cannabis Events, Marihuana Lieferdienst, CBD Shops, Hanf Legalisierung, Cannabis Gesetze, Cannabis Kultur, Cannabis Community, CBD Erfahrung, Cannabis Qualit\u00e4t, Cannabis Sicherheit, Online Cannabis kaufen, Marihuana in \u00d6sterreich, Cannabis Studien, Hanf Therapie, legale Marihuana Shops, CBD Nahrungsmittel, Marihuana Bl\u00fcten, medizinische Hanfprodukte, Cannabis Kundenservice, Cannabis Erfahrungsberichte, Hanfvertrieb, Cannabis Zubeh\u00f6r, Hanf Sparen, Hanf Social Club, Cannabis kaufen Wien, Cannabis Beratung, Hanf Qualit\u00e4t, Cannabis Vergleich, Hanf Rezepte, Cannabis f\u00fcr Anf\u00e4nger.<\/p>\n<div class='smartthreema_box'><img src='https:\/\/austriaweed.at\/wp-content\/plugins\/smart-threema\/images\/floating-button-threema-klein.png' class='smartthreema_img'><a href='https:\/\/three.ma\/JHXT6HHA' target='_blank' class='smartthreema_link'>Please Download Threema App<\/a><br><div class='smartthreema_minimsg'>to your Mobile Device and click again<\/div><\/div>","protected":false},"excerpt":{"rendered":"<p>cannabis kaufen, Marihuana kaufen, Haschisch kaufen, CBD \u00d6l, medizinisches Cannabis, Cannabis Shop, Cannabis online, Hanfprodukte, legale Drogen, THC, CBD Produkte, Gras bestellen, Cannabis Versand, Marihuana Shop, CBD Bl\u00fcten, Hanf\u00f6l kaufen, Cannabis Bl\u00fcten, legales Cannabis, Cannabis Apotheke, medizinisches Marihuana, Gras Lieferdienst, Hanf Tee, Vaporizer kaufen, Cannabis in Wien, CBD Kristalle, Hash kaufen, Cannabis Informationen, Cannabis Rezepte, [&hellip;]<\/p>\n","protected":false},"author":1,"featured_media":0,"parent":0,"menu_order":0,"comment_status":"closed","ping_status":"closed","template":"","meta":{"footnotes":""},"class_list":["post-66","page","type-page","status-publish","hentry"],"yoast_head":"<!-- This site is optimized with the Yoast SEO plugin v27.3 - https:\/\/yoast.com\/product\/yoast-seo-wordpress\/ -->\n<title>metatags1 - Hanfgarten THC Cannabis Online Shop | Premium Hanfprodukte kaufen - Buy THC Cannabis &amp; Hashish in Vienna, Austria - Deliverys all over Austria - Signal &amp; Whatsapp telegram +34664537342 SIGNAL - Leo - Bitcoin accepted - panterarosa1772@gmail.com<\/title>\n<meta name=\"robots\" content=\"index, follow, max-snippet:-1, max-image-preview:large, max-video-preview:-1\" \/>\n<link rel=\"canonical\" href=\"https:\/\/austriaweed.at\/index.php\/metatags1\/\" \/>\n<meta property=\"og:locale\" content=\"en_GB\" \/>\n<meta property=\"og:type\" content=\"article\" \/>\n<meta property=\"og:title\" content=\"metatags1 - Hanfgarten THC Cannabis Online Shop | Premium Hanfprodukte kaufen - Buy THC Cannabis &amp; Hashish in Vienna, Austria - Deliverys all over Austria - Signal &amp; Whatsapp telegram +34664537342 SIGNAL - Leo - Bitcoin accepted - panterarosa1772@gmail.com\" \/>\n<meta property=\"og:description\" content=\"cannabis kaufen, Marihuana kaufen, Haschisch kaufen, CBD \u00d6l, medizinisches Cannabis, Cannabis Shop, Cannabis online, Hanfprodukte, legale Drogen, THC, CBD Produkte, Gras bestellen, Cannabis Versand, Marihuana Shop, CBD Bl\u00fcten, Hanf\u00f6l kaufen, Cannabis Bl\u00fcten, legales Cannabis, Cannabis Apotheke, medizinisches Marihuana, Gras Lieferdienst, Hanf Tee, Vaporizer kaufen, Cannabis in Wien, CBD Kristalle, Hash kaufen, Cannabis Informationen, Cannabis Rezepte, [&hellip;]\" \/>\n<meta property=\"og:url\" content=\"https:\/\/austriaweed.at\/index.php\/metatags1\/\" \/>\n<meta property=\"og:site_name\" content=\"Hanfgarten THC Cannabis Online Shop | Premium Hanfprodukte kaufen - Buy THC Cannabis &amp; Hashish in Vienna, Austria - Deliverys all over Austria - Signal &amp; Whatsapp telegram +34664537342 SIGNAL - Leo - Bitcoin accepted - panterarosa1772@gmail.com\" \/>\n<meta name=\"twitter:card\" content=\"summary_large_image\" \/>\n<script type=\"application\/ld+json\" class=\"yoast-schema-graph\">{\"@context\":\"https:\\\/\\\/schema.org\",\"@graph\":[{\"@type\":\"WebPage\",\"@id\":\"https:\\\/\\\/austriaweed.at\\\/index.php\\\/metatags1\\\/\",\"url\":\"https:\\\/\\\/austriaweed.at\\\/index.php\\\/metatags1\\\/\",\"name\":\"metatags1 - Hanfgarten THC Cannabis Online Shop | Premium Hanfprodukte kaufen - Buy THC Cannabis &amp; Hashish in Vienna, Austria - Deliverys all over Austria - Signal &amp; Whatsapp telegram +34664537342 SIGNAL - Leo - Bitcoin accepted - panterarosa1772@gmail.com\",\"isPartOf\":{\"@id\":\"https:\\\/\\\/austriaweed.at\\\/#website\"},\"datePublished\":\"2024-10-06T01:10:55+00:00\",\"breadcrumb\":{\"@id\":\"https:\\\/\\\/austriaweed.at\\\/index.php\\\/metatags1\\\/#breadcrumb\"},\"inLanguage\":\"en-GB\",\"potentialAction\":[{\"@type\":\"ReadAction\",\"target\":[\"https:\\\/\\\/austriaweed.at\\\/index.php\\\/metatags1\\\/\"]}]},{\"@type\":\"BreadcrumbList\",\"@id\":\"https:\\\/\\\/austriaweed.at\\\/index.php\\\/metatags1\\\/#breadcrumb\",\"itemListElement\":[{\"@type\":\"ListItem\",\"position\":1,\"name\":\"Home\",\"item\":\"https:\\\/\\\/austriaweed.at\\\/\"},{\"@type\":\"ListItem\",\"position\":2,\"name\":\"metatags1\"}]},{\"@type\":\"WebSite\",\"@id\":\"https:\\\/\\\/austriaweed.at\\\/#website\",\"url\":\"https:\\\/\\\/austriaweed.at\\\/\",\"name\":\"Hanfgarten THC Cannabis Online Shop | Premium Hanfprodukte kaufen - Buy THC Cannabis &amp; Hashish in Vienna, Austria - Deliverys all over Austria - Signal &amp; Whatsapp telegram +34664537342 SIGNAL - Leo - Bitcoin accepted - panterarosa1772@gmail.com\",\"description\":\"&quot;Schneller und sicherer Cannabis-Versand nach Wien \u2013 Hochwertige Produkte aus Spanien&quot;\",\"potentialAction\":[{\"@type\":\"SearchAction\",\"target\":{\"@type\":\"EntryPoint\",\"urlTemplate\":\"https:\\\/\\\/austriaweed.at\\\/?s={search_term_string}\"},\"query-input\":{\"@type\":\"PropertyValueSpecification\",\"valueRequired\":true,\"valueName\":\"search_term_string\"}}],\"inLanguage\":\"en-GB\"}]}<\/script>\n<!-- \/ Yoast SEO plugin. -->","yoast_head_json":{"title":"metatags1 - Hanfgarten THC Cannabis Online Shop | Premium Hanfprodukte kaufen - Buy THC Cannabis &amp; Hashish in Vienna, Austria - Deliverys all over Austria - Signal &amp; Whatsapp telegram +34664537342 SIGNAL - Leo - Bitcoin accepted - panterarosa1772@gmail.com","robots":{"index":"index","follow":"follow","max-snippet":"max-snippet:-1","max-image-preview":"max-image-preview:large","max-video-preview":"max-video-preview:-1"},"canonical":"https:\/\/austriaweed.at\/index.php\/metatags1\/","og_locale":"en_GB","og_type":"article","og_title":"metatags1 - Hanfgarten THC Cannabis Online Shop | Premium Hanfprodukte kaufen - Buy THC Cannabis &amp; Hashish in Vienna, Austria - Deliverys all over Austria - Signal &amp; Whatsapp telegram +34664537342 SIGNAL - Leo - Bitcoin accepted - panterarosa1772@gmail.com","og_description":"cannabis kaufen, Marihuana kaufen, Haschisch kaufen, CBD \u00d6l, medizinisches Cannabis, Cannabis Shop, Cannabis online, Hanfprodukte, legale Drogen, THC, CBD Produkte, Gras bestellen, Cannabis Versand, Marihuana Shop, CBD Bl\u00fcten, Hanf\u00f6l kaufen, Cannabis Bl\u00fcten, legales Cannabis, Cannabis Apotheke, medizinisches Marihuana, Gras Lieferdienst, Hanf Tee, Vaporizer kaufen, Cannabis in Wien, CBD Kristalle, Hash kaufen, Cannabis Informationen, Cannabis Rezepte, [&hellip;]","og_url":"https:\/\/austriaweed.at\/index.php\/metatags1\/","og_site_name":"Hanfgarten THC Cannabis Online Shop | Premium Hanfprodukte kaufen - Buy THC Cannabis &amp; Hashish in Vienna, Austria - Deliverys all over Austria - Signal &amp; Whatsapp telegram +34664537342 SIGNAL - Leo - Bitcoin accepted - panterarosa1772@gmail.com","twitter_card":"summary_large_image","schema":{"@context":"https:\/\/schema.org","@graph":[{"@type":"WebPage","@id":"https:\/\/austriaweed.at\/index.php\/metatags1\/","url":"https:\/\/austriaweed.at\/index.php\/metatags1\/","name":"metatags1 - Hanfgarten THC Cannabis Online Shop | Premium Hanfprodukte kaufen - Buy THC Cannabis &amp; Hashish in Vienna, Austria - Deliverys all over Austria - Signal &amp; Whatsapp telegram +34664537342 SIGNAL - Leo - Bitcoin accepted - panterarosa1772@gmail.com","isPartOf":{"@id":"https:\/\/austriaweed.at\/#website"},"datePublished":"2024-10-06T01:10:55+00:00","breadcrumb":{"@id":"https:\/\/austriaweed.at\/index.php\/metatags1\/#breadcrumb"},"inLanguage":"en-GB","potentialAction":[{"@type":"ReadAction","target":["https:\/\/austriaweed.at\/index.php\/metatags1\/"]}]},{"@type":"BreadcrumbList","@id":"https:\/\/austriaweed.at\/index.php\/metatags1\/#breadcrumb","itemListElement":[{"@type":"ListItem","position":1,"name":"Home","item":"https:\/\/austriaweed.at\/"},{"@type":"ListItem","position":2,"name":"metatags1"}]},{"@type":"WebSite","@id":"https:\/\/austriaweed.at\/#website","url":"https:\/\/austriaweed.at\/","name":"Hanfgarten THC Cannabis Online Shop | Premium Hanfprodukte kaufen - Buy THC Cannabis &amp; Hashish in Vienna, Austria - Deliverys all over Austria - Signal &amp; Whatsapp telegram +34664537342 SIGNAL - Leo - Bitcoin accepted - panterarosa1772@gmail.com","description":"&quot;Schneller und sicherer Cannabis-Versand nach Wien \u2013 Hochwertige Produkte aus Spanien&quot;","potentialAction":[{"@type":"SearchAction","target":{"@type":"EntryPoint","urlTemplate":"https:\/\/austriaweed.at\/?s={search_term_string}"},"query-input":{"@type":"PropertyValueSpecification","valueRequired":true,"valueName":"search_term_string"}}],"inLanguage":"en-GB"}]}},"_links":{"self":[{"href":"https:\/\/austriaweed.at\/index.php\/wp-json\/wp\/v2\/pages\/66","targetHints":{"allow":["GET"]}}],"collection":[{"href":"https:\/\/austriaweed.at\/index.php\/wp-json\/wp\/v2\/pages"}],"about":[{"href":"https:\/\/austriaweed.at\/index.php\/wp-json\/wp\/v2\/types\/page"}],"author":[{"embeddable":true,"href":"https:\/\/austriaweed.at\/index.php\/wp-json\/wp\/v2\/users\/1"}],"replies":[{"embeddable":true,"href":"https:\/\/austriaweed.at\/index.php\/wp-json\/wp\/v2\/comments?post=66"}],"version-history":[{"count":1,"href":"https:\/\/austriaweed.at\/index.php\/wp-json\/wp\/v2\/pages\/66\/revisions"}],"predecessor-version":[{"id":67,"href":"https:\/\/austriaweed.at\/index.php\/wp-json\/wp\/v2\/pages\/66\/revisions\/67"}],"wp:attachment":[{"href":"https:\/\/austriaweed.at\/index.php\/wp-json\/wp\/v2\/media?parent=66"}],"curies":[{"name":"wp","href":"https:\/\/api.w.org\/{rel}","templated":true}]}}