{"id":68,"date":"2024-10-06T01:11:51","date_gmt":"2024-10-06T01:11:51","guid":{"rendered":"https:\/\/austriaweed.at\/?page_id=68"},"modified":"2024-10-06T01:11:51","modified_gmt":"2024-10-06T01:11:51","slug":"metatags2","status":"publish","type":"page","link":"https:\/\/austriaweed.at\/index.php\/metatags2\/","title":{"rendered":"metatags2"},"content":{"rendered":"<p>mode, Damenmode, Kleider kaufen, Schuhgesch\u00e4ft Wien, Fashion Tipps, Accessoires, Modeevents, Online-Shop Damen, Vintage Mode, \u00f6sterreichische Designer, Brautmode, Abendkleider, Sportmode, Nachhaltige Mode, Taschen kaufen, Schmuck, Beauty, Hautpflege, Make-up Tipps, Frisuren, Haarpflegeprodukte, Naturkosmetik, Parf\u00fcm kaufen, Nageldesign, Kosmetikstudios, Wellness Wien, Fitness f\u00fcr Frauen, Yoga Wien, Pilates, gesunde Ern\u00e4hrung, Rezepte f\u00fcr Frauen, Wellnesshotels, Spa Angebote, Schwangerschaft, M\u00fctterforum, Elternratgeber, Kinderspielpl\u00e4tze, Familienaktivit\u00e4ten, Reisen f\u00fcr Frauen, Solo Reisen, St\u00e4dtereisen, Reisef\u00fchrer Wien, Kulturveranstaltungen, Museen, Ausstellungen, Kunst f\u00fcr Frauen, Networking f\u00fcr Frauen, Karriereberatung, Jobangebote, Bewerbungstipps, Work-Life-Balance, Selbstliebe, Beziehungen, Dating Tipps, Frauenfreundschaften, Beziehungsratgeber, DIY Ideen, Kochen, Gartenarbeit, Basteln, Kreatives Schreiben, Malen, Fotografie, Lifestyle-Blog, Minimalismus, Nachhaltigkeit, Wohnideen, Interior Design, DIY Projekte, Veranstaltungen Wien, Workshops, Messen, Festivals f\u00fcr Frauen, Gesundheit, Mental Health, Di\u00e4ten, Fitnessstudio, Frauenarzt Wien, Selbstverteidigungskurse, Modeberatung, Kurse f\u00fcr Frauen, Hochzeitsplanung, Eventplanung, Coaching f\u00fcr Frauen, Empowerment, Frauen in F\u00fchrungspositionen, Finanzplanung, Versicherung f\u00fcr Frauen, Networking Events Wien, Kunsthandwerk, Musikveranstaltungen, Theaterauff\u00fchrungen, Lesungen, Filmfestivals, Sportevents, Beauty Workshops, Kinderbetreuung, Urlaub mit Kindern, Fitness Tipps, Ern\u00e4hrungstipps, Stressbew\u00e4ltigung, Lebensstilberatung, Schreibkurse, Kreativkurse, Gesundheitsprodukte, Social Media f\u00fcr Frauen, Online Community, Frauenzeitschriften, Literatur f\u00fcr Frauen, Buchclubs, Self-Care, Erziehungstipps.<\/p>\n<div class='smartthreema_box'><img src='https:\/\/austriaweed.at\/wp-content\/plugins\/smart-threema\/images\/floating-button-threema-klein.png' class='smartthreema_img'><a href='https:\/\/three.ma\/JHXT6HHA' target='_blank' class='smartthreema_link'>Please Download Threema App<\/a><br><div class='smartthreema_minimsg'>to your Mobile Device and click again<\/div><\/div>","protected":false},"excerpt":{"rendered":"<p>mode, Damenmode, Kleider kaufen, Schuhgesch\u00e4ft Wien, Fashion Tipps, Accessoires, Modeevents, Online-Shop Damen, Vintage Mode, \u00f6sterreichische Designer, Brautmode, Abendkleider, Sportmode, Nachhaltige Mode, Taschen kaufen, Schmuck, Beauty, Hautpflege, Make-up Tipps, Frisuren, Haarpflegeprodukte, Naturkosmetik, Parf\u00fcm kaufen, Nageldesign, Kosmetikstudios, Wellness Wien, Fitness f\u00fcr Frauen, Yoga Wien, Pilates, gesunde Ern\u00e4hrung, Rezepte f\u00fcr Frauen, Wellnesshotels, Spa Angebote, Schwangerschaft, M\u00fctterforum, Elternratgeber, Kinderspielpl\u00e4tze, [&hellip;]<\/p>\n","protected":false},"author":1,"featured_media":0,"parent":0,"menu_order":0,"comment_status":"closed","ping_status":"closed","template":"","meta":{"footnotes":""},"class_list":["post-68","page","type-page","status-publish","hentry"],"yoast_head":"<!-- This site is optimized with the Yoast SEO plugin v27.3 - https:\/\/yoast.com\/product\/yoast-seo-wordpress\/ -->\n<title>metatags2 - Hanfgarten THC Cannabis Online Shop | Premium Hanfprodukte kaufen - Buy THC Cannabis &amp; Hashish in Vienna, Austria - Deliverys all over Austria - Signal &amp; Whatsapp telegram +34664537342 SIGNAL - Leo - Bitcoin accepted - panterarosa1772@gmail.com<\/title>\n<meta name=\"robots\" content=\"index, follow, max-snippet:-1, max-image-preview:large, max-video-preview:-1\" \/>\n<link rel=\"canonical\" href=\"https:\/\/austriaweed.at\/index.php\/metatags2\/\" \/>\n<meta property=\"og:locale\" content=\"en_GB\" \/>\n<meta property=\"og:type\" content=\"article\" \/>\n<meta property=\"og:title\" content=\"metatags2 - Hanfgarten THC Cannabis Online Shop | Premium Hanfprodukte kaufen - Buy THC Cannabis &amp; Hashish in Vienna, Austria - Deliverys all over Austria - Signal &amp; Whatsapp telegram +34664537342 SIGNAL - Leo - Bitcoin accepted - panterarosa1772@gmail.com\" \/>\n<meta property=\"og:description\" content=\"mode, Damenmode, Kleider kaufen, Schuhgesch\u00e4ft Wien, Fashion Tipps, Accessoires, Modeevents, Online-Shop Damen, Vintage Mode, \u00f6sterreichische Designer, Brautmode, Abendkleider, Sportmode, Nachhaltige Mode, Taschen kaufen, Schmuck, Beauty, Hautpflege, Make-up Tipps, Frisuren, Haarpflegeprodukte, Naturkosmetik, Parf\u00fcm kaufen, Nageldesign, Kosmetikstudios, Wellness Wien, Fitness f\u00fcr Frauen, Yoga Wien, Pilates, gesunde Ern\u00e4hrung, Rezepte f\u00fcr Frauen, Wellnesshotels, Spa Angebote, Schwangerschaft, M\u00fctterforum, Elternratgeber, Kinderspielpl\u00e4tze, [&hellip;]\" \/>\n<meta property=\"og:url\" content=\"https:\/\/austriaweed.at\/index.php\/metatags2\/\" \/>\n<meta property=\"og:site_name\" content=\"Hanfgarten THC Cannabis Online Shop | Premium Hanfprodukte kaufen - Buy THC Cannabis &amp; Hashish in Vienna, Austria - Deliverys all over Austria - Signal &amp; Whatsapp telegram +34664537342 SIGNAL - Leo - Bitcoin accepted - panterarosa1772@gmail.com\" \/>\n<meta name=\"twitter:card\" content=\"summary_large_image\" \/>\n<script type=\"application\/ld+json\" class=\"yoast-schema-graph\">{\"@context\":\"https:\\\/\\\/schema.org\",\"@graph\":[{\"@type\":\"WebPage\",\"@id\":\"https:\\\/\\\/austriaweed.at\\\/index.php\\\/metatags2\\\/\",\"url\":\"https:\\\/\\\/austriaweed.at\\\/index.php\\\/metatags2\\\/\",\"name\":\"metatags2 - Hanfgarten THC Cannabis Online Shop | Premium Hanfprodukte kaufen - Buy THC Cannabis &amp; Hashish in Vienna, Austria - Deliverys all over Austria - Signal &amp; Whatsapp telegram +34664537342 SIGNAL - Leo - Bitcoin accepted - panterarosa1772@gmail.com\",\"isPartOf\":{\"@id\":\"https:\\\/\\\/austriaweed.at\\\/#website\"},\"datePublished\":\"2024-10-06T01:11:51+00:00\",\"breadcrumb\":{\"@id\":\"https:\\\/\\\/austriaweed.at\\\/index.php\\\/metatags2\\\/#breadcrumb\"},\"inLanguage\":\"en-GB\",\"potentialAction\":[{\"@type\":\"ReadAction\",\"target\":[\"https:\\\/\\\/austriaweed.at\\\/index.php\\\/metatags2\\\/\"]}]},{\"@type\":\"BreadcrumbList\",\"@id\":\"https:\\\/\\\/austriaweed.at\\\/index.php\\\/metatags2\\\/#breadcrumb\",\"itemListElement\":[{\"@type\":\"ListItem\",\"position\":1,\"name\":\"Home\",\"item\":\"https:\\\/\\\/austriaweed.at\\\/\"},{\"@type\":\"ListItem\",\"position\":2,\"name\":\"metatags2\"}]},{\"@type\":\"WebSite\",\"@id\":\"https:\\\/\\\/austriaweed.at\\\/#website\",\"url\":\"https:\\\/\\\/austriaweed.at\\\/\",\"name\":\"Hanfgarten THC Cannabis Online Shop | Premium Hanfprodukte kaufen - Buy THC Cannabis &amp; Hashish in Vienna, Austria - Deliverys all over Austria - Signal &amp; Whatsapp telegram +34664537342 SIGNAL - Leo - Bitcoin accepted - panterarosa1772@gmail.com\",\"description\":\"&quot;Schneller und sicherer Cannabis-Versand nach Wien \u2013 Hochwertige Produkte aus Spanien&quot;\",\"potentialAction\":[{\"@type\":\"SearchAction\",\"target\":{\"@type\":\"EntryPoint\",\"urlTemplate\":\"https:\\\/\\\/austriaweed.at\\\/?s={search_term_string}\"},\"query-input\":{\"@type\":\"PropertyValueSpecification\",\"valueRequired\":true,\"valueName\":\"search_term_string\"}}],\"inLanguage\":\"en-GB\"}]}<\/script>\n<!-- \/ Yoast SEO plugin. -->","yoast_head_json":{"title":"metatags2 - Hanfgarten THC Cannabis Online Shop | Premium Hanfprodukte kaufen - Buy THC Cannabis &amp; Hashish in Vienna, Austria - Deliverys all over Austria - Signal &amp; Whatsapp telegram +34664537342 SIGNAL - Leo - Bitcoin accepted - panterarosa1772@gmail.com","robots":{"index":"index","follow":"follow","max-snippet":"max-snippet:-1","max-image-preview":"max-image-preview:large","max-video-preview":"max-video-preview:-1"},"canonical":"https:\/\/austriaweed.at\/index.php\/metatags2\/","og_locale":"en_GB","og_type":"article","og_title":"metatags2 - Hanfgarten THC Cannabis Online Shop | Premium Hanfprodukte kaufen - Buy THC Cannabis &amp; Hashish in Vienna, Austria - Deliverys all over Austria - Signal &amp; Whatsapp telegram +34664537342 SIGNAL - Leo - Bitcoin accepted - panterarosa1772@gmail.com","og_description":"mode, Damenmode, Kleider kaufen, Schuhgesch\u00e4ft Wien, Fashion Tipps, Accessoires, Modeevents, Online-Shop Damen, Vintage Mode, \u00f6sterreichische Designer, Brautmode, Abendkleider, Sportmode, Nachhaltige Mode, Taschen kaufen, Schmuck, Beauty, Hautpflege, Make-up Tipps, Frisuren, Haarpflegeprodukte, Naturkosmetik, Parf\u00fcm kaufen, Nageldesign, Kosmetikstudios, Wellness Wien, Fitness f\u00fcr Frauen, Yoga Wien, Pilates, gesunde Ern\u00e4hrung, Rezepte f\u00fcr Frauen, Wellnesshotels, Spa Angebote, Schwangerschaft, M\u00fctterforum, Elternratgeber, Kinderspielpl\u00e4tze, [&hellip;]","og_url":"https:\/\/austriaweed.at\/index.php\/metatags2\/","og_site_name":"Hanfgarten THC Cannabis Online Shop | Premium Hanfprodukte kaufen - Buy THC Cannabis &amp; Hashish in Vienna, Austria - Deliverys all over Austria - Signal &amp; Whatsapp telegram +34664537342 SIGNAL - Leo - Bitcoin accepted - panterarosa1772@gmail.com","twitter_card":"summary_large_image","schema":{"@context":"https:\/\/schema.org","@graph":[{"@type":"WebPage","@id":"https:\/\/austriaweed.at\/index.php\/metatags2\/","url":"https:\/\/austriaweed.at\/index.php\/metatags2\/","name":"metatags2 - Hanfgarten THC Cannabis Online Shop | Premium Hanfprodukte kaufen - Buy THC Cannabis &amp; Hashish in Vienna, Austria - Deliverys all over Austria - Signal &amp; Whatsapp telegram +34664537342 SIGNAL - Leo - Bitcoin accepted - panterarosa1772@gmail.com","isPartOf":{"@id":"https:\/\/austriaweed.at\/#website"},"datePublished":"2024-10-06T01:11:51+00:00","breadcrumb":{"@id":"https:\/\/austriaweed.at\/index.php\/metatags2\/#breadcrumb"},"inLanguage":"en-GB","potentialAction":[{"@type":"ReadAction","target":["https:\/\/austriaweed.at\/index.php\/metatags2\/"]}]},{"@type":"BreadcrumbList","@id":"https:\/\/austriaweed.at\/index.php\/metatags2\/#breadcrumb","itemListElement":[{"@type":"ListItem","position":1,"name":"Home","item":"https:\/\/austriaweed.at\/"},{"@type":"ListItem","position":2,"name":"metatags2"}]},{"@type":"WebSite","@id":"https:\/\/austriaweed.at\/#website","url":"https:\/\/austriaweed.at\/","name":"Hanfgarten THC Cannabis Online Shop | Premium Hanfprodukte kaufen - Buy THC Cannabis &amp; Hashish in Vienna, Austria - Deliverys all over Austria - Signal &amp; Whatsapp telegram +34664537342 SIGNAL - Leo - Bitcoin accepted - panterarosa1772@gmail.com","description":"&quot;Schneller und sicherer Cannabis-Versand nach Wien \u2013 Hochwertige Produkte aus Spanien&quot;","potentialAction":[{"@type":"SearchAction","target":{"@type":"EntryPoint","urlTemplate":"https:\/\/austriaweed.at\/?s={search_term_string}"},"query-input":{"@type":"PropertyValueSpecification","valueRequired":true,"valueName":"search_term_string"}}],"inLanguage":"en-GB"}]}},"_links":{"self":[{"href":"https:\/\/austriaweed.at\/index.php\/wp-json\/wp\/v2\/pages\/68","targetHints":{"allow":["GET"]}}],"collection":[{"href":"https:\/\/austriaweed.at\/index.php\/wp-json\/wp\/v2\/pages"}],"about":[{"href":"https:\/\/austriaweed.at\/index.php\/wp-json\/wp\/v2\/types\/page"}],"author":[{"embeddable":true,"href":"https:\/\/austriaweed.at\/index.php\/wp-json\/wp\/v2\/users\/1"}],"replies":[{"embeddable":true,"href":"https:\/\/austriaweed.at\/index.php\/wp-json\/wp\/v2\/comments?post=68"}],"version-history":[{"count":1,"href":"https:\/\/austriaweed.at\/index.php\/wp-json\/wp\/v2\/pages\/68\/revisions"}],"predecessor-version":[{"id":69,"href":"https:\/\/austriaweed.at\/index.php\/wp-json\/wp\/v2\/pages\/68\/revisions\/69"}],"wp:attachment":[{"href":"https:\/\/austriaweed.at\/index.php\/wp-json\/wp\/v2\/media?parent=68"}],"curies":[{"name":"wp","href":"https:\/\/api.w.org\/{rel}","templated":true}]}}