{"id":76,"date":"2024-10-06T01:20:19","date_gmt":"2024-10-06T01:20:19","guid":{"rendered":"https:\/\/austriaweed.at\/?page_id=76"},"modified":"2024-10-06T01:20:19","modified_gmt":"2024-10-06T01:20:19","slug":"versand-aus-spanien","status":"publish","type":"page","link":"https:\/\/austriaweed.at\/index.php\/versand-aus-spanien\/","title":{"rendered":"Versand aus Spanien"},"content":{"rendered":"<p>&nbsp;<\/p>\n<p>Der Versand erfolgt von Madrid aus in jeden Teil \u00d6sterreichs, ohne Sendungsverfolgungsnummer, Gasrechnungsbriefart, maximal 100 Gramm pro Brief, die Dauer betr\u00e4gt 3-12 Tage, wir versenden seit Jahren ohne jegliche Probleme nach Wien Die Sendung kommt nicht an, wir \u00fcbernehmen die Verantwortung, wir haften nicht f\u00fcr offensichtliche Diebst\u00e4hle zu Hause, Sendungen sind manchmal schneller, manchmal schneller, aber die Sendungen werden ordnungsgem\u00e4\u00df vakuumverpackt, mit einer doppelten Thermotasche.<\/p>\n<div class='smartthreema_box'><img src='https:\/\/austriaweed.at\/wp-content\/plugins\/smart-threema\/images\/floating-button-threema-klein.png' class='smartthreema_img'><a href='https:\/\/three.ma\/JHXT6HHA' target='_blank' class='smartthreema_link'>Please Download Threema App<\/a><br><div class='smartthreema_minimsg'>to your Mobile Device and click again<\/div><\/div>","protected":false},"excerpt":{"rendered":"<p>&nbsp; Der Versand erfolgt von Madrid aus in jeden Teil \u00d6sterreichs, ohne Sendungsverfolgungsnummer, Gasrechnungsbriefart, maximal 100 Gramm pro Brief, die Dauer betr\u00e4gt 3-12 Tage, wir versenden seit Jahren ohne jegliche Probleme nach Wien Die Sendung kommt nicht an, wir \u00fcbernehmen die Verantwortung, wir haften nicht f\u00fcr offensichtliche Diebst\u00e4hle zu Hause, Sendungen sind manchmal schneller, manchmal [&hellip;]<\/p>\n","protected":false},"author":1,"featured_media":0,"parent":0,"menu_order":0,"comment_status":"closed","ping_status":"closed","template":"","meta":{"footnotes":""},"class_list":["post-76","page","type-page","status-publish","hentry"],"yoast_head":"<!-- This site is optimized with the Yoast SEO plugin v27.3 - https:\/\/yoast.com\/product\/yoast-seo-wordpress\/ -->\n<title>Versand aus Spanien - Hanfgarten THC Cannabis Online Shop | Premium Hanfprodukte kaufen - Buy THC Cannabis &amp; Hashish in Vienna, Austria - Deliverys all over Austria - Signal &amp; Whatsapp telegram +34664537342 SIGNAL - Leo - Bitcoin accepted - panterarosa1772@gmail.com<\/title>\n<meta name=\"robots\" content=\"index, follow, max-snippet:-1, max-image-preview:large, max-video-preview:-1\" \/>\n<link rel=\"canonical\" href=\"https:\/\/austriaweed.at\/index.php\/versand-aus-spanien\/\" \/>\n<meta property=\"og:locale\" content=\"en_GB\" \/>\n<meta property=\"og:type\" content=\"article\" \/>\n<meta property=\"og:title\" content=\"Versand aus Spanien - Hanfgarten THC Cannabis Online Shop | Premium Hanfprodukte kaufen - Buy THC Cannabis &amp; Hashish in Vienna, Austria - Deliverys all over Austria - Signal &amp; Whatsapp telegram +34664537342 SIGNAL - Leo - Bitcoin accepted - panterarosa1772@gmail.com\" \/>\n<meta property=\"og:description\" content=\"&nbsp; Der Versand erfolgt von Madrid aus in jeden Teil \u00d6sterreichs, ohne Sendungsverfolgungsnummer, Gasrechnungsbriefart, maximal 100 Gramm pro Brief, die Dauer betr\u00e4gt 3-12 Tage, wir versenden seit Jahren ohne jegliche Probleme nach Wien Die Sendung kommt nicht an, wir \u00fcbernehmen die Verantwortung, wir haften nicht f\u00fcr offensichtliche Diebst\u00e4hle zu Hause, Sendungen sind manchmal schneller, manchmal [&hellip;]\" \/>\n<meta property=\"og:url\" content=\"https:\/\/austriaweed.at\/index.php\/versand-aus-spanien\/\" \/>\n<meta property=\"og:site_name\" content=\"Hanfgarten THC Cannabis Online Shop | Premium Hanfprodukte kaufen - Buy THC Cannabis &amp; Hashish in Vienna, Austria - Deliverys all over Austria - Signal &amp; Whatsapp telegram +34664537342 SIGNAL - Leo - Bitcoin accepted - panterarosa1772@gmail.com\" \/>\n<meta name=\"twitter:card\" content=\"summary_large_image\" \/>\n<meta name=\"twitter:label1\" content=\"Estimated reading time\" \/>\n\t<meta name=\"twitter:data1\" content=\"1 minute\" \/>\n<script type=\"application\/ld+json\" class=\"yoast-schema-graph\">{\"@context\":\"https:\\\/\\\/schema.org\",\"@graph\":[{\"@type\":\"WebPage\",\"@id\":\"https:\\\/\\\/austriaweed.at\\\/index.php\\\/versand-aus-spanien\\\/\",\"url\":\"https:\\\/\\\/austriaweed.at\\\/index.php\\\/versand-aus-spanien\\\/\",\"name\":\"Versand aus Spanien - Hanfgarten THC Cannabis Online Shop | Premium Hanfprodukte kaufen - Buy THC Cannabis &amp; Hashish in Vienna, Austria - Deliverys all over Austria - Signal &amp; Whatsapp telegram +34664537342 SIGNAL - Leo - Bitcoin accepted - panterarosa1772@gmail.com\",\"isPartOf\":{\"@id\":\"https:\\\/\\\/austriaweed.at\\\/#website\"},\"datePublished\":\"2024-10-06T01:20:19+00:00\",\"breadcrumb\":{\"@id\":\"https:\\\/\\\/austriaweed.at\\\/index.php\\\/versand-aus-spanien\\\/#breadcrumb\"},\"inLanguage\":\"en-GB\",\"potentialAction\":[{\"@type\":\"ReadAction\",\"target\":[\"https:\\\/\\\/austriaweed.at\\\/index.php\\\/versand-aus-spanien\\\/\"]}]},{\"@type\":\"BreadcrumbList\",\"@id\":\"https:\\\/\\\/austriaweed.at\\\/index.php\\\/versand-aus-spanien\\\/#breadcrumb\",\"itemListElement\":[{\"@type\":\"ListItem\",\"position\":1,\"name\":\"Home\",\"item\":\"https:\\\/\\\/austriaweed.at\\\/\"},{\"@type\":\"ListItem\",\"position\":2,\"name\":\"Versand aus Spanien\"}]},{\"@type\":\"WebSite\",\"@id\":\"https:\\\/\\\/austriaweed.at\\\/#website\",\"url\":\"https:\\\/\\\/austriaweed.at\\\/\",\"name\":\"Hanfgarten THC Cannabis Online Shop | Premium Hanfprodukte kaufen - Buy THC Cannabis &amp; Hashish in Vienna, Austria - Deliverys all over Austria - Signal &amp; Whatsapp telegram +34664537342 SIGNAL - Leo - Bitcoin accepted - panterarosa1772@gmail.com\",\"description\":\"&quot;Schneller und sicherer Cannabis-Versand nach Wien \u2013 Hochwertige Produkte aus Spanien&quot;\",\"potentialAction\":[{\"@type\":\"SearchAction\",\"target\":{\"@type\":\"EntryPoint\",\"urlTemplate\":\"https:\\\/\\\/austriaweed.at\\\/?s={search_term_string}\"},\"query-input\":{\"@type\":\"PropertyValueSpecification\",\"valueRequired\":true,\"valueName\":\"search_term_string\"}}],\"inLanguage\":\"en-GB\"}]}<\/script>\n<!-- \/ Yoast SEO plugin. -->","yoast_head_json":{"title":"Versand aus Spanien - Hanfgarten THC Cannabis Online Shop | Premium Hanfprodukte kaufen - Buy THC Cannabis &amp; Hashish in Vienna, Austria - Deliverys all over Austria - Signal &amp; Whatsapp telegram +34664537342 SIGNAL - Leo - Bitcoin accepted - panterarosa1772@gmail.com","robots":{"index":"index","follow":"follow","max-snippet":"max-snippet:-1","max-image-preview":"max-image-preview:large","max-video-preview":"max-video-preview:-1"},"canonical":"https:\/\/austriaweed.at\/index.php\/versand-aus-spanien\/","og_locale":"en_GB","og_type":"article","og_title":"Versand aus Spanien - Hanfgarten THC Cannabis Online Shop | Premium Hanfprodukte kaufen - Buy THC Cannabis &amp; Hashish in Vienna, Austria - Deliverys all over Austria - Signal &amp; Whatsapp telegram +34664537342 SIGNAL - Leo - Bitcoin accepted - panterarosa1772@gmail.com","og_description":"&nbsp; Der Versand erfolgt von Madrid aus in jeden Teil \u00d6sterreichs, ohne Sendungsverfolgungsnummer, Gasrechnungsbriefart, maximal 100 Gramm pro Brief, die Dauer betr\u00e4gt 3-12 Tage, wir versenden seit Jahren ohne jegliche Probleme nach Wien Die Sendung kommt nicht an, wir \u00fcbernehmen die Verantwortung, wir haften nicht f\u00fcr offensichtliche Diebst\u00e4hle zu Hause, Sendungen sind manchmal schneller, manchmal [&hellip;]","og_url":"https:\/\/austriaweed.at\/index.php\/versand-aus-spanien\/","og_site_name":"Hanfgarten THC Cannabis Online Shop | Premium Hanfprodukte kaufen - Buy THC Cannabis &amp; Hashish in Vienna, Austria - Deliverys all over Austria - Signal &amp; Whatsapp telegram +34664537342 SIGNAL - Leo - Bitcoin accepted - panterarosa1772@gmail.com","twitter_card":"summary_large_image","twitter_misc":{"Estimated reading time":"1 minute"},"schema":{"@context":"https:\/\/schema.org","@graph":[{"@type":"WebPage","@id":"https:\/\/austriaweed.at\/index.php\/versand-aus-spanien\/","url":"https:\/\/austriaweed.at\/index.php\/versand-aus-spanien\/","name":"Versand aus Spanien - Hanfgarten THC Cannabis Online Shop | Premium Hanfprodukte kaufen - Buy THC Cannabis &amp; Hashish in Vienna, Austria - Deliverys all over Austria - Signal &amp; Whatsapp telegram +34664537342 SIGNAL - Leo - Bitcoin accepted - panterarosa1772@gmail.com","isPartOf":{"@id":"https:\/\/austriaweed.at\/#website"},"datePublished":"2024-10-06T01:20:19+00:00","breadcrumb":{"@id":"https:\/\/austriaweed.at\/index.php\/versand-aus-spanien\/#breadcrumb"},"inLanguage":"en-GB","potentialAction":[{"@type":"ReadAction","target":["https:\/\/austriaweed.at\/index.php\/versand-aus-spanien\/"]}]},{"@type":"BreadcrumbList","@id":"https:\/\/austriaweed.at\/index.php\/versand-aus-spanien\/#breadcrumb","itemListElement":[{"@type":"ListItem","position":1,"name":"Home","item":"https:\/\/austriaweed.at\/"},{"@type":"ListItem","position":2,"name":"Versand aus Spanien"}]},{"@type":"WebSite","@id":"https:\/\/austriaweed.at\/#website","url":"https:\/\/austriaweed.at\/","name":"Hanfgarten THC Cannabis Online Shop | Premium Hanfprodukte kaufen - Buy THC Cannabis &amp; Hashish in Vienna, Austria - Deliverys all over Austria - Signal &amp; Whatsapp telegram +34664537342 SIGNAL - Leo - Bitcoin accepted - panterarosa1772@gmail.com","description":"&quot;Schneller und sicherer Cannabis-Versand nach Wien \u2013 Hochwertige Produkte aus Spanien&quot;","potentialAction":[{"@type":"SearchAction","target":{"@type":"EntryPoint","urlTemplate":"https:\/\/austriaweed.at\/?s={search_term_string}"},"query-input":{"@type":"PropertyValueSpecification","valueRequired":true,"valueName":"search_term_string"}}],"inLanguage":"en-GB"}]}},"_links":{"self":[{"href":"https:\/\/austriaweed.at\/index.php\/wp-json\/wp\/v2\/pages\/76","targetHints":{"allow":["GET"]}}],"collection":[{"href":"https:\/\/austriaweed.at\/index.php\/wp-json\/wp\/v2\/pages"}],"about":[{"href":"https:\/\/austriaweed.at\/index.php\/wp-json\/wp\/v2\/types\/page"}],"author":[{"embeddable":true,"href":"https:\/\/austriaweed.at\/index.php\/wp-json\/wp\/v2\/users\/1"}],"replies":[{"embeddable":true,"href":"https:\/\/austriaweed.at\/index.php\/wp-json\/wp\/v2\/comments?post=76"}],"version-history":[{"count":1,"href":"https:\/\/austriaweed.at\/index.php\/wp-json\/wp\/v2\/pages\/76\/revisions"}],"predecessor-version":[{"id":77,"href":"https:\/\/austriaweed.at\/index.php\/wp-json\/wp\/v2\/pages\/76\/revisions\/77"}],"wp:attachment":[{"href":"https:\/\/austriaweed.at\/index.php\/wp-json\/wp\/v2\/media?parent=76"}],"curies":[{"name":"wp","href":"https:\/\/api.w.org\/{rel}","templated":true}]}}